{"id":328602,"date":"2025-01-08T21:19:32","date_gmt":"2025-01-08T21:19:32","guid":{"rendered":"https:\/\/mellosbrochetteschoco.ca\/?page_id=328602"},"modified":"2025-01-11T16:26:35","modified_gmt":"2025-01-11T16:26:35","slug":"food-truck-lanaudiere","status":"publish","type":"page","link":"https:\/\/mellosbrochetteschoco.ca\/en\/regions-desservies\/food-truck-lanaudiere\/","title":{"rendered":"Food Truck Lanaudi\u00e8re | \u00c9v\u00e9nements corporatifs | Mello&rsquo;s"},"content":{"rendered":"","protected":false},"excerpt":{"rendered":"","protected":false},"author":1,"featured_media":0,"parent":328850,"menu_order":0,"comment_status":"closed","ping_status":"closed","template":"","meta":{"_et_pb_use_builder":"on","_et_pb_old_content":"","_et_gb_content_width":"","footnotes":""},"class_list":["post-328602","page","type-page","status-publish","hentry"],"aioseo_notices":[],"_links":{"self":[{"href":"https:\/\/mellosbrochetteschoco.ca\/en\/wp-json\/wp\/v2\/pages\/328602","targetHints":{"allow":["GET"]}}],"collection":[{"href":"https:\/\/mellosbrochetteschoco.ca\/en\/wp-json\/wp\/v2\/pages"}],"about":[{"href":"https:\/\/mellosbrochetteschoco.ca\/en\/wp-json\/wp\/v2\/types\/page"}],"author":[{"embeddable":true,"href":"https:\/\/mellosbrochetteschoco.ca\/en\/wp-json\/wp\/v2\/users\/1"}],"replies":[{"embeddable":true,"href":"https:\/\/mellosbrochetteschoco.ca\/en\/wp-json\/wp\/v2\/comments?post=328602"}],"version-history":[{"count":2,"href":"https:\/\/mellosbrochetteschoco.ca\/en\/wp-json\/wp\/v2\/pages\/328602\/revisions"}],"predecessor-version":[{"id":328842,"href":"https:\/\/mellosbrochetteschoco.ca\/en\/wp-json\/wp\/v2\/pages\/328602\/revisions\/328842"}],"up":[{"embeddable":true,"href":"https:\/\/mellosbrochetteschoco.ca\/en\/wp-json\/wp\/v2\/pages\/328850"}],"wp:attachment":[{"href":"https:\/\/mellosbrochetteschoco.ca\/en\/wp-json\/wp\/v2\/media?parent=328602"}],"curies":[{"name":"wp","href":"https:\/\/api.w.org\/{rel}","templated":true}]}}