{"id":328583,"date":"2025-01-08T19:18:22","date_gmt":"2025-01-08T19:18:22","guid":{"rendered":"https:\/\/mellosbrochetteschoco.ca\/?page_id=328583"},"modified":"2026-04-19T21:44:54","modified_gmt":"2026-04-19T21:44:54","slug":"food-truck-joliette-evenement-corporatif-et-ecole-mellos","status":"publish","type":"page","link":"https:\/\/mellosbrochetteschoco.ca\/en\/regions-desservies\/food-truck-joliette-evenement-corporatif-et-ecole-mellos\/","title":{"rendered":"Food Truck Joliette &#8211; \u00c9v\u00e9nement corporatif et \u00e9cole &#8211; Mello&rsquo;s"},"content":{"rendered":"","protected":false},"excerpt":{"rendered":"","protected":false},"author":1,"featured_media":0,"parent":328850,"menu_order":0,"comment_status":"closed","ping_status":"closed","template":"","meta":{"footnotes":""},"class_list":["post-328583","page","type-page","status-publish","hentry"],"aioseo_notices":[],"_links":{"self":[{"href":"https:\/\/mellosbrochetteschoco.ca\/en\/wp-json\/wp\/v2\/pages\/328583","targetHints":{"allow":["GET"]}}],"collection":[{"href":"https:\/\/mellosbrochetteschoco.ca\/en\/wp-json\/wp\/v2\/pages"}],"about":[{"href":"https:\/\/mellosbrochetteschoco.ca\/en\/wp-json\/wp\/v2\/types\/page"}],"author":[{"embeddable":true,"href":"https:\/\/mellosbrochetteschoco.ca\/en\/wp-json\/wp\/v2\/users\/1"}],"replies":[{"embeddable":true,"href":"https:\/\/mellosbrochetteschoco.ca\/en\/wp-json\/wp\/v2\/comments?post=328583"}],"version-history":[{"count":3,"href":"https:\/\/mellosbrochetteschoco.ca\/en\/wp-json\/wp\/v2\/pages\/328583\/revisions"}],"predecessor-version":[{"id":329890,"href":"https:\/\/mellosbrochetteschoco.ca\/en\/wp-json\/wp\/v2\/pages\/328583\/revisions\/329890"}],"up":[{"embeddable":true,"href":"https:\/\/mellosbrochetteschoco.ca\/en\/wp-json\/wp\/v2\/pages\/328850"}],"wp:attachment":[{"href":"https:\/\/mellosbrochetteschoco.ca\/en\/wp-json\/wp\/v2\/media?parent=328583"}],"curies":[{"name":"wp","href":"https:\/\/api.w.org\/{rel}","templated":true}]}}