{"id":298412,"date":"2023-03-22T21:27:48","date_gmt":"2023-03-22T21:27:48","guid":{"rendered":"https:\/\/mellosbrochetteschoco.ca\/?page_id=298412"},"modified":"2026-04-19T21:44:39","modified_gmt":"2026-04-19T21:44:39","slug":"foodtruck-desserts-a-louer-evenement-corporatif-mellos","status":"publish","type":"page","link":"https:\/\/mellosbrochetteschoco.ca\/en\/louer-mellos\/foodtruck-desserts-a-louer-evenement-corporatif-mellos\/","title":{"rendered":"Foodtruck desserts \u00e0 louer &#8211; \u00c9v\u00e9nement corporatif &#8211; Mello&rsquo;s"},"content":{"rendered":"","protected":false},"excerpt":{"rendered":"","protected":false},"author":1,"featured_media":0,"parent":873,"menu_order":1,"comment_status":"closed","ping_status":"closed","template":"","meta":{"footnotes":""},"class_list":["post-298412","page","type-page","status-publish","hentry"],"aioseo_notices":[],"_links":{"self":[{"href":"https:\/\/mellosbrochetteschoco.ca\/en\/wp-json\/wp\/v2\/pages\/298412","targetHints":{"allow":["GET"]}}],"collection":[{"href":"https:\/\/mellosbrochetteschoco.ca\/en\/wp-json\/wp\/v2\/pages"}],"about":[{"href":"https:\/\/mellosbrochetteschoco.ca\/en\/wp-json\/wp\/v2\/types\/page"}],"author":[{"embeddable":true,"href":"https:\/\/mellosbrochetteschoco.ca\/en\/wp-json\/wp\/v2\/users\/1"}],"replies":[{"embeddable":true,"href":"https:\/\/mellosbrochetteschoco.ca\/en\/wp-json\/wp\/v2\/comments?post=298412"}],"version-history":[{"count":2,"href":"https:\/\/mellosbrochetteschoco.ca\/en\/wp-json\/wp\/v2\/pages\/298412\/revisions"}],"predecessor-version":[{"id":329876,"href":"https:\/\/mellosbrochetteschoco.ca\/en\/wp-json\/wp\/v2\/pages\/298412\/revisions\/329876"}],"up":[{"embeddable":true,"href":"https:\/\/mellosbrochetteschoco.ca\/en\/wp-json\/wp\/v2\/pages\/873"}],"wp:attachment":[{"href":"https:\/\/mellosbrochetteschoco.ca\/en\/wp-json\/wp\/v2\/media?parent=298412"}],"curies":[{"name":"wp","href":"https:\/\/api.w.org\/{rel}","templated":true}]}}